{"id":1893,"date":"2026-02-06T07:13:26","date_gmt":"2026-02-06T07:13:26","guid":{"rendered":"https:\/\/www.transfesarail.com\/carga-general\/"},"modified":"2026-04-07T08:09:09","modified_gmt":"2026-04-07T08:09:09","slug":"general-cargo","status":"publish","type":"page","link":"https:\/\/www.transfesarail.com\/en\/general-cargo\/","title":{"rendered":"General Cargo"},"content":{"rendered":"\t\t<div data-elementor-type=\"wp-page\" data-elementor-id=\"1893\" class=\"elementor elementor-1893 elementor-606\" data-elementor-post-type=\"page\">\n\t\t\t\t<div class=\"elementor-element elementor-element-f6b921b e-con-full e-flex e-con e-parent\" data-id=\"f6b921b\" data-element_type=\"container\" data-e-type=\"container\" data-settings=\"{&quot;background_background&quot;:&quot;classic&quot;}\">\n\t\t<div class=\"elementor-element elementor-element-a0d8094 e-flex e-con-boxed e-con e-child\" data-id=\"a0d8094\" data-element_type=\"container\" data-e-type=\"container\">\n\t\t\t\t\t<div class=\"e-con-inner\">\n\t\t\t\t<div class=\"elementor-element elementor-element-85acee4 elementor-widget elementor-widget-heading\" data-id=\"85acee4\" data-element_type=\"widget\" data-e-type=\"widget\" data-settings=\"{&quot;motion_fx_motion_fx_scrolling&quot;:&quot;yes&quot;,&quot;motion_fx_translateY_effect&quot;:&quot;yes&quot;,&quot;motion_fx_translateY_speed&quot;:{&quot;unit&quot;:&quot;px&quot;,&quot;size&quot;:2,&quot;sizes&quot;:[]},&quot;motion_fx_devices&quot;:[&quot;desktop&quot;],&quot;motion_fx_translateY_affectedRange&quot;:{&quot;unit&quot;:&quot;%&quot;,&quot;size&quot;:&quot;&quot;,&quot;sizes&quot;:{&quot;start&quot;:0,&quot;end&quot;:100}}}\" data-widget_type=\"heading.default\">\n\t\t\t\t\t<h1 class=\"elementor-heading-title elementor-size-default\">GENERAL CARGO<\/h1>\t\t\t\t<\/div>\n\t\t\t\t\t<\/div>\n\t\t\t\t<\/div>\n\t\t\t\t<\/div>\n\t\t<div class=\"elementor-element elementor-element-c2666d7 e-flex e-con-boxed e-con e-parent\" data-id=\"c2666d7\" data-element_type=\"container\" data-e-type=\"container\" data-settings=\"{&quot;background_background&quot;:&quot;classic&quot;}\">\n\t\t\t\t\t<div class=\"e-con-inner\">\n\t\t<div class=\"elementor-element elementor-element-a8986e2 e-con-full e-flex elementor-invisible e-con e-child\" data-id=\"a8986e2\" data-element_type=\"container\" data-e-type=\"container\" id=\"taller-propio\" data-settings=\"{&quot;animation&quot;:&quot;fadeInUp&quot;,&quot;animation_delay&quot;:500,&quot;background_background&quot;:&quot;classic&quot;}\">\n\t\t\t\t<div class=\"elementor-element elementor-element-cac151f elementor-widget elementor-widget-heading\" data-id=\"cac151f\" data-element_type=\"widget\" data-e-type=\"widget\" data-widget_type=\"heading.default\">\n\t\t\t\t\t<h2 class=\"elementor-heading-title elementor-size-default\">SECURE SOLUTIONS FOR SENSITIVE GOODS AND CONSUMER GOODS<\/h2>\t\t\t\t<\/div>\n\t\t\t\t<div class=\"elementor-element elementor-element-6759222 elementor-widget elementor-widget-text-editor\" data-id=\"6759222\" data-element_type=\"widget\" data-e-type=\"widget\" data-widget_type=\"text-editor.default\">\n\t\t\t\t\t\t\t\t\t<p>Our fleet of railcars and swap bodies enables us to ship goods by means of general cargo transport nationally and internationally. The consumer goods market is made up of products that satisfy the personal or household needs of the end consumer..<\/p>\t\t\t\t\t\t\t\t<\/div>\n\t\t\t\t<\/div>\n\t\t<div class=\"elementor-element elementor-element-eebb788 e-con-full e-flex e-con e-child\" data-id=\"eebb788\" data-element_type=\"container\" data-e-type=\"container\" data-settings=\"{&quot;background_background&quot;:&quot;classic&quot;,&quot;motion_fx_motion_fx_scrolling&quot;:&quot;yes&quot;,&quot;motion_fx_scale_effect&quot;:&quot;yes&quot;,&quot;motion_fx_scale_speed&quot;:{&quot;unit&quot;:&quot;px&quot;,&quot;size&quot;:1,&quot;sizes&quot;:[]},&quot;motion_fx_devices&quot;:[&quot;desktop&quot;],&quot;motion_fx_scale_direction&quot;:&quot;out-in&quot;,&quot;motion_fx_scale_range&quot;:{&quot;unit&quot;:&quot;%&quot;,&quot;size&quot;:&quot;&quot;,&quot;sizes&quot;:{&quot;start&quot;:20,&quot;end&quot;:80}}}\">\n\t\t\t\t<div class=\"elementor-element elementor-element-1ebe6d6 elementor-widget elementor-widget-image\" data-id=\"1ebe6d6\" data-element_type=\"widget\" data-e-type=\"widget\" data-widget_type=\"image.default\">\n\t\t\t\t\t\t\t\t\t\t\t\t\t\t\t<img fetchpriority=\"high\" decoding=\"async\" width=\"700\" height=\"491\" src=\"https:\/\/www.transfesarail.com\/wp-content\/uploads\/2026\/02\/carga.jpg\" class=\"attachment-full size-full wp-image-1901\" alt=\"Carga\" srcset=\"https:\/\/www.transfesarail.com\/wp-content\/uploads\/2026\/02\/carga.jpg 700w, https:\/\/www.transfesarail.com\/wp-content\/uploads\/2026\/02\/carga-300x210.jpg 300w\" sizes=\"(max-width: 700px) 100vw, 700px\" \/>\t\t\t\t\t\t\t\t\t\t\t\t\t\t\t<\/div>\n\t\t\t\t<\/div>\n\t\t\t\t\t<\/div>\n\t\t\t\t<\/div>\n\t\t<div class=\"elementor-element elementor-element-1e90b3e e-flex e-con-boxed e-con e-parent\" data-id=\"1e90b3e\" data-element_type=\"container\" data-e-type=\"container\" id=\"taller-terceros\" data-settings=\"{&quot;background_background&quot;:&quot;classic&quot;}\">\n\t\t\t\t\t<div class=\"e-con-inner\">\n\t\t<div class=\"elementor-element elementor-element-62fb1a0 e-con-full e-flex e-con e-child\" data-id=\"62fb1a0\" data-element_type=\"container\" data-e-type=\"container\">\n\t\t\t\t<div class=\"elementor-element elementor-element-94f0eb2 elementor-widget elementor-widget-heading\" data-id=\"94f0eb2\" data-element_type=\"widget\" data-e-type=\"widget\" data-widget_type=\"heading.default\">\n\t\t\t\t\t<h2 class=\"elementor-heading-title elementor-size-default\">What do we transport?<\/h2>\t\t\t\t<\/div>\n\t\t\t\t<\/div>\n\t\t<div class=\"elementor-element elementor-element-6a36e67 e-con-full e-flex e-con e-child\" data-id=\"6a36e67\" data-element_type=\"container\" data-e-type=\"container\">\n\t\t<div class=\"elementor-element elementor-element-b40384a e-con-full e-flex elementor-invisible e-con e-child\" data-id=\"b40384a\" data-element_type=\"container\" data-e-type=\"container\" data-settings=\"{&quot;background_background&quot;:&quot;classic&quot;,&quot;animation&quot;:&quot;fadeInUp&quot;,&quot;animation_delay&quot;:500}\">\n\t\t\t\t<div class=\"elementor-element elementor-element-f55016c elementor-widget elementor-widget-heading\" data-id=\"f55016c\" data-element_type=\"widget\" data-e-type=\"widget\" data-widget_type=\"heading.default\">\n\t\t\t\t\t<h2 class=\"elementor-heading-title elementor-size-default\">PERISHABLE GOODS<\/h2>\t\t\t\t<\/div>\n\t\t\t\t<div class=\"elementor-element elementor-element-42dcc0c elementor-widget elementor-widget-text-editor\" data-id=\"42dcc0c\" data-element_type=\"widget\" data-e-type=\"widget\" data-widget_type=\"text-editor.default\">\n\t\t\t\t\t\t\t\t\t<p>At Transfesa, we\u2019re aware of the complexity of consumer goods supply chains, in which goods are continuously exposed to risk. To meet the specific needs of this sector, we have designed a series of specific solutions that guarantee the punctual and safe arrival of this sensitive material at any destination.<\/p><p>In the perishable products market,\u00a0the transport of\u00a0<em>reefers<\/em>\u00a0(refrigerated containers) for frozen products or products that need to be transported at a controlled temperature stands out.<\/p>\t\t\t\t\t\t\t\t<\/div>\n\t\t\t\t<\/div>\n\t\t<div class=\"elementor-element elementor-element-dfd1266 e-con-full e-flex elementor-invisible e-con e-child\" data-id=\"dfd1266\" data-element_type=\"container\" data-e-type=\"container\" data-settings=\"{&quot;background_background&quot;:&quot;classic&quot;,&quot;animation&quot;:&quot;fadeInUp&quot;,&quot;animation_delay&quot;:500}\">\n\t\t\t\t<div class=\"elementor-element elementor-element-ab81653 elementor-widget elementor-widget-heading\" data-id=\"ab81653\" data-element_type=\"widget\" data-e-type=\"widget\" data-widget_type=\"heading.default\">\n\t\t\t\t\t<h2 class=\"elementor-heading-title elementor-size-default\">NON-PERISHABLE GOODS\u200b<\/h2>\t\t\t\t<\/div>\n\t\t\t\t<div class=\"elementor-element elementor-element-b907d24 elementor-widget elementor-widget-text-editor\" data-id=\"b907d24\" data-element_type=\"widget\" data-e-type=\"widget\" data-widget_type=\"text-editor.default\">\n\t\t\t\t\t\t\t\t\t<p>In the durable goods market, products are tangible and are not destroyed immediately upon use, but allow for more continuous use. We design and manage specific transport and logistics solutions for this type of products, including household appliances and industrial machinery, as well as other items such as tools, equipment, furniture, household goods, etc.<\/p>\t\t\t\t\t\t\t\t<\/div>\n\t\t\t\t<\/div>\n\t\t\t\t<\/div>\n\t\t\t\t\t<\/div>\n\t\t\t\t<\/div>\n\t\t<div class=\"elementor-element elementor-element-1318f7a e-flex e-con-boxed e-con e-parent\" data-id=\"1318f7a\" data-element_type=\"container\" data-e-type=\"container\" data-settings=\"{&quot;background_background&quot;:&quot;classic&quot;}\">\n\t\t\t\t\t<div class=\"e-con-inner\">\n\t\t<div class=\"elementor-element elementor-element-373217c e-con-full e-flex e-con e-child\" data-id=\"373217c\" data-element_type=\"container\" data-e-type=\"container\">\n\t\t\t\t<div class=\"elementor-element elementor-element-71f5429 elementor-widget elementor-widget-heading\" data-id=\"71f5429\" data-element_type=\"widget\" data-e-type=\"widget\" data-widget_type=\"heading.default\">\n\t\t\t\t\t<h2 class=\"elementor-heading-title elementor-size-default\">If you still have any doubts about why we are your best option, we also offer:<\/h2>\t\t\t\t<\/div>\n\t\t\t\t<\/div>\n\t\t<div class=\"elementor-element elementor-element-fab4568 e-con-full e-grid e-con e-child\" data-id=\"fab4568\" data-element_type=\"container\" data-e-type=\"container\">\n\t\t\t\t<div class=\"elementor-element elementor-element-d91ea0d elementor-position-top elementor-widget elementor-widget-image-box\" data-id=\"d91ea0d\" data-element_type=\"widget\" data-e-type=\"widget\" data-widget_type=\"image-box.default\">\n\t\t\t\t\t<div class=\"elementor-image-box-wrapper\"><figure class=\"elementor-image-box-img\"><img decoding=\"async\" width=\"1080\" height=\"1080\" src=\"https:\/\/www.transfesarail.com\/wp-content\/uploads\/2026\/02\/expertos-1.png\" class=\"attachment-full size-full wp-image-1902\" alt=\"expertos\" srcset=\"https:\/\/www.transfesarail.com\/wp-content\/uploads\/2026\/02\/expertos-1.png 1080w, https:\/\/www.transfesarail.com\/wp-content\/uploads\/2026\/02\/expertos-1-300x300.png 300w, https:\/\/www.transfesarail.com\/wp-content\/uploads\/2026\/02\/expertos-1-1024x1024.png 1024w, https:\/\/www.transfesarail.com\/wp-content\/uploads\/2026\/02\/expertos-1-150x150.png 150w, https:\/\/www.transfesarail.com\/wp-content\/uploads\/2026\/02\/expertos-1-768x768.png 768w\" sizes=\"(max-width: 1080px) 100vw, 1080px\" \/><\/figure><div class=\"elementor-image-box-content\"><p class=\"elementor-image-box-description\">Specialized teams in the consumer goods sector.<\/p><\/div><\/div>\t\t\t\t<\/div>\n\t\t\t\t<div class=\"elementor-element elementor-element-9d44403 elementor-position-top elementor-widget elementor-widget-image-box\" data-id=\"9d44403\" data-element_type=\"widget\" data-e-type=\"widget\" data-widget_type=\"image-box.default\">\n\t\t\t\t\t<div class=\"elementor-image-box-wrapper\"><figure class=\"elementor-image-box-img\"><img decoding=\"async\" width=\"1080\" height=\"1080\" src=\"https:\/\/www.transfesarail.com\/wp-content\/uploads\/2026\/02\/puerta_a_puerta-1.png\" class=\"attachment-full size-full wp-image-1903\" alt=\"Servicios log\u00edsticos \u201cpuerta a puerta\u201d.\" srcset=\"https:\/\/www.transfesarail.com\/wp-content\/uploads\/2026\/02\/puerta_a_puerta-1.png 1080w, https:\/\/www.transfesarail.com\/wp-content\/uploads\/2026\/02\/puerta_a_puerta-1-300x300.png 300w, https:\/\/www.transfesarail.com\/wp-content\/uploads\/2026\/02\/puerta_a_puerta-1-1024x1024.png 1024w, https:\/\/www.transfesarail.com\/wp-content\/uploads\/2026\/02\/puerta_a_puerta-1-150x150.png 150w, https:\/\/www.transfesarail.com\/wp-content\/uploads\/2026\/02\/puerta_a_puerta-1-768x768.png 768w\" sizes=\"(max-width: 1080px) 100vw, 1080px\" \/><\/figure><div class=\"elementor-image-box-content\"><p class=\"elementor-image-box-description\">Door-to-door logistics services.<\/p><\/div><\/div>\t\t\t\t<\/div>\n\t\t\t\t<div class=\"elementor-element elementor-element-f2d2868 elementor-position-top elementor-widget elementor-widget-image-box\" data-id=\"f2d2868\" data-element_type=\"widget\" data-e-type=\"widget\" data-widget_type=\"image-box.default\">\n\t\t\t\t\t<div class=\"elementor-image-box-wrapper\"><figure class=\"elementor-image-box-img\"><img loading=\"lazy\" decoding=\"async\" width=\"1080\" height=\"1080\" src=\"https:\/\/www.transfesarail.com\/wp-content\/uploads\/2026\/02\/calidad-1.png\" class=\"attachment-full size-full wp-image-1904\" alt=\"M\u00e1ximos est\u00e1ndares de calidad con el m\u00ednimo coste.\" srcset=\"https:\/\/www.transfesarail.com\/wp-content\/uploads\/2026\/02\/calidad-1.png 1080w, https:\/\/www.transfesarail.com\/wp-content\/uploads\/2026\/02\/calidad-1-300x300.png 300w, https:\/\/www.transfesarail.com\/wp-content\/uploads\/2026\/02\/calidad-1-1024x1024.png 1024w, https:\/\/www.transfesarail.com\/wp-content\/uploads\/2026\/02\/calidad-1-150x150.png 150w, https:\/\/www.transfesarail.com\/wp-content\/uploads\/2026\/02\/calidad-1-768x768.png 768w\" sizes=\"(max-width: 1080px) 100vw, 1080px\" \/><\/figure><div class=\"elementor-image-box-content\"><p class=\"elementor-image-box-description\">Maximum quality standards at minimum cost.<\/p><\/div><\/div>\t\t\t\t<\/div>\n\t\t\t\t<div class=\"elementor-element elementor-element-75f09e5 elementor-position-top elementor-widget elementor-widget-image-box\" data-id=\"75f09e5\" data-element_type=\"widget\" data-e-type=\"widget\" data-widget_type=\"image-box.default\">\n\t\t\t\t\t<div class=\"elementor-image-box-wrapper\"><figure class=\"elementor-image-box-img\"><img loading=\"lazy\" decoding=\"async\" width=\"1080\" height=\"1080\" src=\"https:\/\/www.transfesarail.com\/wp-content\/uploads\/2026\/02\/outsourcing-1.png\" class=\"attachment-full size-full wp-image-1905\" alt=\"Tracci\u00f3n propia y subcontratada.\" srcset=\"https:\/\/www.transfesarail.com\/wp-content\/uploads\/2026\/02\/outsourcing-1.png 1080w, https:\/\/www.transfesarail.com\/wp-content\/uploads\/2026\/02\/outsourcing-1-300x300.png 300w, https:\/\/www.transfesarail.com\/wp-content\/uploads\/2026\/02\/outsourcing-1-1024x1024.png 1024w, https:\/\/www.transfesarail.com\/wp-content\/uploads\/2026\/02\/outsourcing-1-150x150.png 150w, https:\/\/www.transfesarail.com\/wp-content\/uploads\/2026\/02\/outsourcing-1-768x768.png 768w\" sizes=\"(max-width: 1080px) 100vw, 1080px\" \/><\/figure><div class=\"elementor-image-box-content\"><p class=\"elementor-image-box-description\">Own and subcontracted traction.<\/p><\/div><\/div>\t\t\t\t<\/div>\n\t\t\t\t<div class=\"elementor-element elementor-element-4b738d6 elementor-position-top elementor-widget elementor-widget-image-box\" data-id=\"4b738d6\" data-element_type=\"widget\" data-e-type=\"widget\" data-widget_type=\"image-box.default\">\n\t\t\t\t\t<div class=\"elementor-image-box-wrapper\"><figure class=\"elementor-image-box-img\"><img loading=\"lazy\" decoding=\"async\" width=\"1080\" height=\"1080\" src=\"https:\/\/www.transfesarail.com\/wp-content\/uploads\/2026\/02\/tiempo-1.png\" class=\"attachment-full size-full wp-image-1906\" alt=\"Tiempo de entrega m\u00ednimo\" srcset=\"https:\/\/www.transfesarail.com\/wp-content\/uploads\/2026\/02\/tiempo-1.png 1080w, https:\/\/www.transfesarail.com\/wp-content\/uploads\/2026\/02\/tiempo-1-300x300.png 300w, https:\/\/www.transfesarail.com\/wp-content\/uploads\/2026\/02\/tiempo-1-1024x1024.png 1024w, https:\/\/www.transfesarail.com\/wp-content\/uploads\/2026\/02\/tiempo-1-150x150.png 150w, https:\/\/www.transfesarail.com\/wp-content\/uploads\/2026\/02\/tiempo-1-768x768.png 768w\" sizes=\"(max-width: 1080px) 100vw, 1080px\" \/><\/figure><div class=\"elementor-image-box-content\"><p class=\"elementor-image-box-description\">Minimum delivery times.<\/p><\/div><\/div>\t\t\t\t<\/div>\n\t\t\t\t<div class=\"elementor-element elementor-element-4ff12c2 elementor-position-top elementor-widget elementor-widget-image-box\" data-id=\"4ff12c2\" data-element_type=\"widget\" data-e-type=\"widget\" data-widget_type=\"image-box.default\">\n\t\t\t\t\t<div class=\"elementor-image-box-wrapper\"><figure class=\"elementor-image-box-img\"><img loading=\"lazy\" decoding=\"async\" width=\"1080\" height=\"1080\" src=\"https:\/\/www.transfesarail.com\/wp-content\/uploads\/2026\/02\/tren-1.png\" class=\"attachment-full size-full wp-image-1907\" alt=\"L\u00edderes en transporte intermodal\" srcset=\"https:\/\/www.transfesarail.com\/wp-content\/uploads\/2026\/02\/tren-1.png 1080w, https:\/\/www.transfesarail.com\/wp-content\/uploads\/2026\/02\/tren-1-300x300.png 300w, https:\/\/www.transfesarail.com\/wp-content\/uploads\/2026\/02\/tren-1-1024x1024.png 1024w, https:\/\/www.transfesarail.com\/wp-content\/uploads\/2026\/02\/tren-1-150x150.png 150w, https:\/\/www.transfesarail.com\/wp-content\/uploads\/2026\/02\/tren-1-768x768.png 768w\" sizes=\"(max-width: 1080px) 100vw, 1080px\" \/><\/figure><div class=\"elementor-image-box-content\"><p class=\"elementor-image-box-description\">Leaders in intermodal transport.<\/p><\/div><\/div>\t\t\t\t<\/div>\n\t\t\t\t<\/div>\n\t\t\t\t\t<\/div>\n\t\t\t\t<\/div>\n\t\t\t\t<\/div>\n\t\t","protected":false},"excerpt":{"rendered":"<p>GENERAL CARGO SECURE SOLUTIONS FOR SENSITIVE GOODS AND CONSUMER GOODS Our fleet of railcars and swap bodies enables us to ship goods by means of general cargo transport nationally and internationally. The consumer goods market is made up of products that satisfy the personal or household needs of the end consumer.. What do we transport? [&#8230;]<\/p>\n<p><a class=\"btn btn-secondary understrap-read-more-link\" href=\"https:\/\/www.transfesarail.com\/en\/general-cargo\/\">Read More&#8230;<span class=\"screen-reader-text\"> from General Cargo<\/span><\/a><\/p>\n","protected":false},"author":1,"featured_media":1895,"parent":0,"menu_order":0,"comment_status":"closed","ping_status":"closed","template":"elementor_header_footer","meta":{"inline_featured_image":false,"footnotes":""},"class_list":["post-1893","page","type-page","status-publish","has-post-thumbnail","hentry"],"_links":{"self":[{"href":"https:\/\/www.transfesarail.com\/en\/wp-json\/wp\/v2\/pages\/1893","targetHints":{"allow":["GET"]}}],"collection":[{"href":"https:\/\/www.transfesarail.com\/en\/wp-json\/wp\/v2\/pages"}],"about":[{"href":"https:\/\/www.transfesarail.com\/en\/wp-json\/wp\/v2\/types\/page"}],"author":[{"embeddable":true,"href":"https:\/\/www.transfesarail.com\/en\/wp-json\/wp\/v2\/users\/1"}],"replies":[{"embeddable":true,"href":"https:\/\/www.transfesarail.com\/en\/wp-json\/wp\/v2\/comments?post=1893"}],"version-history":[{"count":7,"href":"https:\/\/www.transfesarail.com\/en\/wp-json\/wp\/v2\/pages\/1893\/revisions"}],"predecessor-version":[{"id":2129,"href":"https:\/\/www.transfesarail.com\/en\/wp-json\/wp\/v2\/pages\/1893\/revisions\/2129"}],"wp:featuredmedia":[{"embeddable":true,"href":"https:\/\/www.transfesarail.com\/en\/wp-json\/wp\/v2\/media\/1895"}],"wp:attachment":[{"href":"https:\/\/www.transfesarail.com\/en\/wp-json\/wp\/v2\/media?parent=1893"}],"curies":[{"name":"wp","href":"https:\/\/api.w.org\/{rel}","templated":true}]}}